{"id":1009,"date":"2018-09-18T07:49:27","date_gmt":"2018-09-18T07:49:27","guid":{"rendered":"https:\/\/kmmb.es\/equipos-usados\/"},"modified":"2018-12-03T14:37:34","modified_gmt":"2018-12-03T14:37:34","slug":"used-equipment","status":"publish","type":"page","link":"https:\/\/kmmb.es\/en\/used-equipment\/","title":{"rendered":"Used Equipment"},"content":{"rendered":"<p>Esta es una p\u00e1gina de ejemplo, Es diferente a una entrada de blog porque se mantiene est\u00e1tica y se mostrar\u00e1 en la barra de navegaci\u00f3n (en la mayor\u00eda de temas). Casi todo el mundo comienza con una p\u00e1gina Acerca de m\u00ed para presentarse a los potenciales visitantes. Podr\u00eda ser algo as\u00ed:<\/p>\n<blockquote><p>\u00a1Hola!: Soy mensajero por el d\u00eda, aspirante a actor por la noche y esta es mi web. Vivo en Madrid, tengo perrazo llamado Juan y me encantan las pi\u00f1as coladas (y que me pille un chaparr\u00f3n)<\/p><\/blockquote>\n<p>\u2026 o algo as\u00ed:<\/p>\n<blockquote><p>La empresa Calcetines XYZ se fund\u00f3 en 1971, y ha estado produciendo calcetines de calidad para sus clientes desde entonces. Ubicada en Gothan, la empresa XYZ tiene m\u00e1s de 2.000 empleados e intenta ayudar en lo que puede para mejorar la vida en Gothan<\/p><\/blockquote>\n<p>Si eres nuevo en WordPress deber\u00edas ir a <a href=\"https:\/\/kmmb.es\/wp-admin\/\">tu escritorio<\/a> para borrar esta p\u00e1gina y crear algunas nuevas con tu contenido. \u00a1P\u00e1salo bien!<\/p>\n","protected":false},"excerpt":{"rendered":"<p>Esta es una p\u00e1gina de ejemplo, Es diferente a una entrada de blog porque se mantiene est\u00e1tica y se mostrar\u00e1 en la barra de navegaci\u00f3n (en la mayor\u00eda de temas). Casi todo el mundo comienza con una p\u00e1gina Acerca de m\u00ed para presentarse a los potenciales visitantes. Podr\u00eda ser algo [&hellip;]<\/p>\n","protected":false},"author":1,"featured_media":0,"parent":0,"menu_order":0,"comment_status":"closed","ping_status":"closed","template":"","meta":{"_bbp_topic_count":0,"_bbp_reply_count":0,"_bbp_total_topic_count":0,"_bbp_total_reply_count":0,"_bbp_voice_count":0,"_bbp_anonymous_reply_count":0,"_bbp_topic_count_hidden":0,"_bbp_reply_count_hidden":0,"_bbp_forum_subforum_count":0,"footnotes":""},"_links":{"self":[{"href":"https:\/\/kmmb.es\/en\/wp-json\/wp\/v2\/pages\/1009"}],"collection":[{"href":"https:\/\/kmmb.es\/en\/wp-json\/wp\/v2\/pages"}],"about":[{"href":"https:\/\/kmmb.es\/en\/wp-json\/wp\/v2\/types\/page"}],"author":[{"embeddable":true,"href":"https:\/\/kmmb.es\/en\/wp-json\/wp\/v2\/users\/1"}],"replies":[{"embeddable":true,"href":"https:\/\/kmmb.es\/en\/wp-json\/wp\/v2\/comments?post=1009"}],"version-history":[{"count":2,"href":"https:\/\/kmmb.es\/en\/wp-json\/wp\/v2\/pages\/1009\/revisions"}],"predecessor-version":[{"id":1220,"href":"https:\/\/kmmb.es\/en\/wp-json\/wp\/v2\/pages\/1009\/revisions\/1220"}],"wp:attachment":[{"href":"https:\/\/kmmb.es\/en\/wp-json\/wp\/v2\/media?parent=1009"}],"curies":[{"name":"wp","href":"https:\/\/api.w.org\/{rel}","templated":true}]}}